{"id":93,"date":"2018-12-03T11:26:13","date_gmt":"2018-12-03T11:26:13","guid":{"rendered":"https:\/\/generadoresosorno.cl\/index.php\/home\/"},"modified":"2025-03-27T18:48:51","modified_gmt":"2025-03-27T18:48:51","slug":"home","status":"publish","type":"page","link":"https:\/\/generadoresosorno.cl\/","title":{"rendered":"Home"},"content":{"rendered":"\t\t<div data-elementor-type=\"wp-post\" data-elementor-id=\"93\" class=\"elementor elementor-93\">\n\t\t\t\t<div class=\"aux-parallax-section elementor-element elementor-element-5909eef aux-appear-watch-animation aux-fade-in e-flex e-con-boxed e-con e-parent\" data-id=\"5909eef\" data-element_type=\"container\" data-settings=\"{&quot;background_background&quot;:&quot;classic&quot;}\">\n\t\t\t\t\t<div class=\"e-con-inner\">\n\t\t<div class=\"elementor-element elementor-element-6983879 e-con-full e-flex e-con e-child\" data-id=\"6983879\" data-element_type=\"container\">\n\t\t\t\t<\/div>\n\t\t<div class=\"elementor-element elementor-element-bfb4ad1 aux-appear-watch-animation aux-fade-in-right-1 e-con-full e-flex e-con e-child\" data-id=\"bfb4ad1\" data-element_type=\"container\" data-settings=\"{&quot;background_background&quot;:&quot;classic&quot;}\">\n\t\t\t\t<div class=\"elementor-element elementor-element-cd00b38 aux-appear-watch-animation aux-fade-in-up-1 elementor-widget elementor-widget-aux_modern_heading\" data-id=\"cd00b38\" data-element_type=\"widget\" data-widget_type=\"aux_modern_heading.default\">\n\t\t\t\t<div class=\"elementor-widget-container\">\n\t\t\t\t\t<section class=\"aux-widget-modern-heading\">\n            <div class=\"aux-widget-inner\"><h2 class=\"aux-modern-heading-primary\"><b>Impulsamos la energ\u00eda de tu proyecto<\/b><\/h2><div class=\"aux-modern-heading-divider\"><\/div><div class=\"aux-modern-heading-description\"><p>Equipos generadores ideales para momentos de alta demanda, obras, procesamiento, sector agr\u00edcola y miner\u00eda. Energ\u00eda segura y eficiente al costo m\u00e1s competitivo.<\/p><\/div><\/div>\n        <\/section>\t\t\t\t<\/div>\n\t\t\t\t<\/div>\n\t\t\t\t<div class=\"elementor-element elementor-element-bf1e756 aux-appear-watch-animation aux-fade-in-up-1 elementor-widget elementor-widget-aux_button\" data-id=\"bf1e756\" data-element_type=\"widget\" data-widget_type=\"aux_button.default\">\n\t\t\t\t<div class=\"elementor-widget-container\">\n\t\t\t\t\t<a  href=\"https:\/\/generadoresosorno.cl\/index.php\/about\/\" target=\"_self\"   class=\"aux-button aux-medium aux-steel-blue aux-round aux-none aux-uppercase aux-icon-left\" ><span class=\"aux-overlay\"><\/span><i aria-hidden=\"true\" class=\"aux-icon far fa-hand-point-right\"><\/i><span class=\"aux-text\">EQUIPOS<\/span><\/a>\t\t\t\t<\/div>\n\t\t\t\t<\/div>\n\t\t\t\t<\/div>\n\t\t\t\t\t<\/div>\n\t\t\t\t<\/div>\n\t\t<div class=\"aux-parallax-section elementor-element elementor-element-e6f208f e-flex e-con-boxed e-con e-parent\" data-id=\"e6f208f\" data-element_type=\"container\" data-settings=\"{&quot;position&quot;:&quot;fixed&quot;}\">\n\t\t\t\t\t<div class=\"e-con-inner\">\n\t\t\t\t<div class=\"elementor-element elementor-element-69904fa elementor-widget elementor-widget-image\" data-id=\"69904fa\" data-element_type=\"widget\" data-widget_type=\"image.default\">\n\t\t\t\t<div class=\"elementor-widget-container\">\n\t\t\t\t\t\t\t\t\t\t\t\t\t\t\t\t<a href=\"https:\/\/api.whatsapp.com\/send?phone=56993614800&#038;text=Hola,%20le%20escribo%20desde%20la%20web%20de%20Generadores%20Osorno\" target=\"_blank\">\n\t\t\t\t\t\t\t<img decoding=\"async\" width=\"150\" height=\"150\" src=\"https:\/\/generadoresosorno.cl\/wp-content\/uploads\/2025\/03\/PEQUENOWSP-150x150.png\" class=\"attachment-thumbnail size-thumbnail wp-image-432\" alt=\"\" srcset=\"https:\/\/generadoresosorno.cl\/wp-content\/uploads\/2025\/03\/PEQUENOWSP-150x150.png 150w, https:\/\/generadoresosorno.cl\/wp-content\/uploads\/2025\/03\/PEQUENOWSP.png 170w\" sizes=\"(max-width: 150px) 100vw, 150px\" \/>\t\t\t\t\t\t\t\t<\/a>\n\t\t\t\t\t\t\t\t\t\t\t\t\t\t\t<\/div>\n\t\t\t\t<\/div>\n\t\t\t\t\t<\/div>\n\t\t\t\t<\/div>\n\t\t<div class=\"aux-parallax-section elementor-element elementor-element-4913f4b e-flex e-con-boxed e-con e-parent\" data-id=\"4913f4b\" data-element_type=\"container\">\n\t\t\t\t\t<div class=\"e-con-inner\">\n\t\t<div class=\"elementor-element elementor-element-6e73a1d e-con-full e-flex e-con e-child\" data-id=\"6e73a1d\" data-element_type=\"container\">\n\t\t<div class=\"elementor-element elementor-element-3dddeea e-con-full e-flex e-con e-child\" data-id=\"3dddeea\" data-element_type=\"container\">\n\t\t<div class=\"elementor-element elementor-element-31af841 e-con-full e-flex e-con e-child\" data-id=\"31af841\" data-element_type=\"container\">\n\t\t\t\t<div class=\"elementor-element elementor-element-592a32a aux-appear-watch-animation aux-scale-down-1 elementor-widget elementor-widget-aux_text\" data-id=\"592a32a\" data-element_type=\"widget\" data-widget_type=\"aux_text.default\">\n\t\t\t\t<div class=\"elementor-widget-container\">\n\t\t\t\t\t<section class=\"widget-container aux-widget-text aux-parent-au1c93abe9\">        <div class=\"aux-widget-advanced-text aux-wrap-style-simple aux-ico-pos-top aux-text-center aux-text-resp- aux-text-color-dark aux-text-widget-bg-center  \" >\n        \n                            <div class=\"aux-text-widget-header \"  >\n                        <div class=\"aux-ico-box aux-ico-large aux-ico-shape-circle aux-ico-clear \">\n                            <i aria-hidden=\"true\" class=\"aux-ico far fa-file\"><\/i>                        <\/div>\n                <\/div>\n            \n            <div class=\"aux-text-inner aux-text-widget-content\">\n                                <h4 class=\"col-title\"><b>COTIZACIONES<\/b><\/h4>\n                                <div class=\"widget-content\">\n                                        <p>Escr\u00edbenos y pide tu presupuesto seg\u00fan los requerimientos de tu proyecto.<\/p>                <\/div>\n                            <\/div>\n        <\/div>\n                    <div class=\"aux-text-widget-footer\">\n                <div class=\"aux-border-shape-none \">\n                                <\/div>\n            <\/div>\n        \n<\/section><!-- widget-container -->\t\t\t\t<\/div>\n\t\t\t\t<\/div>\n\t\t\t\t<div class=\"elementor-element elementor-element-3bc9fc7 elementor-align-center elementor-widget elementor-widget-button\" data-id=\"3bc9fc7\" data-element_type=\"widget\" data-widget_type=\"button.default\">\n\t\t\t\t<div class=\"elementor-widget-container\">\n\t\t\t\t\t\t\t\t\t<div class=\"elementor-button-wrapper\">\n\t\t\t\t\t<a class=\"elementor-button elementor-button-link elementor-size-sm\" href=\"https:\/\/api.whatsapp.com\/send?phone=56993614800&#038;text=Hola,%20le%20escribo%20desde%20la%20web%20de%20Generadores%20Cotizaciones\" target=\"_blank\">\n\t\t\t\t\t\t<span class=\"elementor-button-content-wrapper\">\n\t\t\t\t\t\t<span class=\"elementor-button-icon\">\n\t\t\t\t<i aria-hidden=\"true\" class=\"auxicon auxicon-whatsapp\"><\/i>\t\t\t<\/span>\n\t\t\t\t\t\t\t\t\t<span class=\"elementor-button-text\">Escr\u00edbenos<\/span>\n\t\t\t\t\t<\/span>\n\t\t\t\t\t<\/a>\n\t\t\t\t<\/div>\n\t\t\t\t\t\t\t\t<\/div>\n\t\t\t\t<\/div>\n\t\t\t\t<\/div>\n\t\t<div class=\"elementor-element elementor-element-2c2f6f2 e-con-full e-flex e-con e-child\" data-id=\"2c2f6f2\" data-element_type=\"container\">\n\t\t\t\t<div class=\"elementor-element elementor-element-23f5ed0 aux-appear-watch-animation aux-scale-down-1 elementor-widget elementor-widget-aux_text\" data-id=\"23f5ed0\" data-element_type=\"widget\" data-widget_type=\"aux_text.default\">\n\t\t\t\t<div class=\"elementor-widget-container\">\n\t\t\t\t\t<section class=\"widget-container aux-widget-text aux-parent-au3b806245\">        <div class=\"aux-widget-advanced-text aux-wrap-style-simple aux-ico-pos-top aux-text-center aux-text-resp- aux-text-color-dark aux-text-widget-bg-center  \" >\n        \n                            <div class=\"aux-text-widget-header \"  >\n                        <div class=\"aux-ico-box aux-ico-large aux-ico-shape-circle aux-ico-clear \">\n                            <i aria-hidden=\"true\" class=\"aux-ico far fa-file-alt\"><\/i>                        <\/div>\n                <\/div>\n            \n            <div class=\"aux-text-inner aux-text-widget-content\">\n                                <h4 class=\"col-title\"><b>DOCUMENTACIONES<\/b><\/h4>\n                                <div class=\"widget-content\">\n                                        <p>Env\u00eda los documentos requeridos para finalizar el alquiler del equipo que necesitas.<\/p>                <\/div>\n                            <\/div>\n        <\/div>\n                    <div class=\"aux-text-widget-footer\">\n                <div class=\"aux-border-shape-none \">\n                                <\/div>\n            <\/div>\n        \n<\/section><!-- widget-container -->\t\t\t\t<\/div>\n\t\t\t\t<\/div>\n\t\t\t\t<div class=\"elementor-element elementor-element-d151b47 elementor-align-center elementor-widget elementor-widget-button\" data-id=\"d151b47\" data-element_type=\"widget\" data-widget_type=\"button.default\">\n\t\t\t\t<div class=\"elementor-widget-container\">\n\t\t\t\t\t\t\t\t\t<div class=\"elementor-button-wrapper\">\n\t\t\t\t\t<a class=\"elementor-button elementor-button-link elementor-size-sm\" href=\"https:\/\/api.whatsapp.com\/send?phone=56993614800&#038;text=Hola,%20le%20escribo%20desde%20la%20web%20de%20Generadores%20Osorno\" target=\"_blank\">\n\t\t\t\t\t\t<span class=\"elementor-button-content-wrapper\">\n\t\t\t\t\t\t<span class=\"elementor-button-icon\">\n\t\t\t\t<i aria-hidden=\"true\" class=\"auxicon auxicon-whatsapp\"><\/i>\t\t\t<\/span>\n\t\t\t\t\t\t\t\t\t<span class=\"elementor-button-text\">Escr\u00edbenos<\/span>\n\t\t\t\t\t<\/span>\n\t\t\t\t\t<\/a>\n\t\t\t\t<\/div>\n\t\t\t\t\t\t\t\t<\/div>\n\t\t\t\t<\/div>\n\t\t\t\t<\/div>\n\t\t<div class=\"elementor-element elementor-element-648e48d e-con-full e-flex e-con e-child\" data-id=\"648e48d\" data-element_type=\"container\">\n\t\t\t\t<div class=\"elementor-element elementor-element-5e5c553 aux-appear-watch-animation aux-scale-down-1 elementor-widget elementor-widget-aux_text\" data-id=\"5e5c553\" data-element_type=\"widget\" data-widget_type=\"aux_text.default\">\n\t\t\t\t<div class=\"elementor-widget-container\">\n\t\t\t\t\t<section class=\"widget-container aux-widget-text aux-parent-au9da38049\">        <div class=\"aux-widget-advanced-text aux-wrap-style-simple aux-ico-pos-top aux-text-center aux-text-resp- aux-text-color-dark aux-text-widget-bg-center  \" >\n        \n                            <div class=\"aux-text-widget-header \"  >\n                        <div class=\"aux-ico-box aux-ico-large aux-ico-shape-circle aux-ico-clear \">\n                            <i aria-hidden=\"true\" class=\"aux-ico auxicon auxicon-list-3\"><\/i>                        <\/div>\n                <\/div>\n            \n            <div class=\"aux-text-inner aux-text-widget-content\">\n                                <h4 class=\"col-title\"><b>ARRIENDOS<\/b><\/h4>\n                                <div class=\"widget-content\">\n                                        <p>Obt\u00e9n en tu proyecto un equipo en perfecto estado y testeado.<\/p>                <\/div>\n                            <\/div>\n        <\/div>\n                    <div class=\"aux-text-widget-footer\">\n                <div class=\"aux-border-shape-none \">\n                                <\/div>\n            <\/div>\n        \n<\/section><!-- widget-container -->\t\t\t\t<\/div>\n\t\t\t\t<\/div>\n\t\t\t\t<div class=\"elementor-element elementor-element-587a06e elementor-align-center elementor-widget elementor-widget-button\" data-id=\"587a06e\" data-element_type=\"widget\" data-widget_type=\"button.default\">\n\t\t\t\t<div class=\"elementor-widget-container\">\n\t\t\t\t\t\t\t\t\t<div class=\"elementor-button-wrapper\">\n\t\t\t\t\t<a class=\"elementor-button elementor-button-link elementor-size-sm\" href=\"https:\/\/api.whatsapp.com\/send?phone=56993614800&#038;text=Hola,%20le%20escribo%20desde%20la%20web%20de%20Generadores%20Arrengar\">\n\t\t\t\t\t\t<span class=\"elementor-button-content-wrapper\">\n\t\t\t\t\t\t<span class=\"elementor-button-icon\">\n\t\t\t\t<i aria-hidden=\"true\" class=\"auxicon auxicon-whatsapp\"><\/i>\t\t\t<\/span>\n\t\t\t\t\t\t\t\t\t<span class=\"elementor-button-text\">Escr\u00edbenos<\/span>\n\t\t\t\t\t<\/span>\n\t\t\t\t\t<\/a>\n\t\t\t\t<\/div>\n\t\t\t\t\t\t\t\t<\/div>\n\t\t\t\t<\/div>\n\t\t\t\t<\/div>\n\t\t\t\t<\/div>\n\t\t\t\t<\/div>\n\t\t\t\t\t<\/div>\n\t\t\t\t<\/div>\n\t\t<div class=\"aux-parallax-section elementor-element elementor-element-e3e973a e-con-full e-flex e-con e-parent\" data-id=\"e3e973a\" data-element_type=\"container\">\n\t\t<div class=\"elementor-element elementor-element-31e4577 e-con-full e-flex e-con e-child\" data-id=\"31e4577\" data-element_type=\"container\">\n\t\t\t\t<div class=\"elementor-element elementor-element-7ef0ed5 aux-appear-watch-animation aux-fade-in-up elementor-widget elementor-widget-aux_modern_heading\" data-id=\"7ef0ed5\" data-element_type=\"widget\" data-widget_type=\"aux_modern_heading.default\">\n\t\t\t\t<div class=\"elementor-widget-container\">\n\t\t\t\t\t<section class=\"aux-widget-modern-heading\">\n            <div class=\"aux-widget-inner\"><h2 class=\"aux-modern-heading-primary\"><b>Tenemos la soluci\u00f3n ideal para tu demanda de energ\u00eda.<\/b><\/h2><div class=\"aux-modern-heading-divider\"><\/div><\/div>\n        <\/section>\t\t\t\t<\/div>\n\t\t\t\t<\/div>\n\t\t\t\t<div class=\"elementor-element elementor-element-28e870c aux-appear-watch-animation aux-fade-in-up-1 elementor-widget elementor-widget-aux_button\" data-id=\"28e870c\" data-element_type=\"widget\" data-widget_type=\"aux_button.default\">\n\t\t\t\t<div class=\"elementor-widget-container\">\n\t\t\t\t\t<a  href=\"https:\/\/generadoresosorno.cl\/index.php\/about\/\" target=\"_self\"   class=\"aux-button aux-medium aux-steel-blue aux-round aux-none aux-uppercase aux-icon-left\" ><span class=\"aux-overlay\"><\/span><i aria-hidden=\"true\" class=\"aux-icon far fa-hand-point-right\"><\/i><span class=\"aux-text\">EQUIPOS<\/span><\/a>\t\t\t\t<\/div>\n\t\t\t\t<\/div>\n\t\t\t\t<\/div>\n\t\t\t\t<\/div>\n\t\t<div class=\"aux-parallax-section elementor-element elementor-element-3c0d805 e-flex e-con-boxed e-con e-parent\" data-id=\"3c0d805\" data-element_type=\"container\">\n\t\t\t\t\t<div class=\"e-con-inner\">\n\t\t<div class=\"elementor-element elementor-element-7999fa1 e-con-full e-flex e-con e-child\" data-id=\"7999fa1\" data-element_type=\"container\">\n\t\t\t\t<div class=\"elementor-element elementor-element-9c9a6bb aux-appear-watch-animation aux-fade-in-up elementor-widget elementor-widget-aux_modern_heading\" data-id=\"9c9a6bb\" data-element_type=\"widget\" data-widget_type=\"aux_modern_heading.default\">\n\t\t\t\t<div class=\"elementor-widget-container\">\n\t\t\t\t\t<section class=\"aux-widget-modern-heading\">\n            <div class=\"aux-widget-inner\"><h2 class=\"aux-modern-heading-primary\"><\/h2><h3 class=\"aux-modern-heading-secondary\"><span class=\"aux-head-before\">Nuestra Trayectoria<\/span><\/h3><div class=\"aux-modern-heading-divider\"><\/div><div class=\"aux-modern-heading-description\"><p>Contamos con m\u00e1s de 10 a\u00f1os de trayectoria, siendo pioneros en el arriendo de generadores. Disponemos de una moderna flota de m\u00e1s de 150 equipos propios, silenciosos y con tecnolog\u00eda de \u00faltima generaci\u00f3n, con capacidades desde 27 hasta 1500 KVA.<\/p><p>Nuestro objetivo es ser su socio estrat\u00e9gico, brindando un servicio \u00e1gil, personalizado y eficiente.<\/p><p>Adem\u00e1s, ofrecemos un soporte postventa en terreno con t\u00e9cnicos altamente capacitados, listos para resolver cualquier eventualidad que pueda surgir con su equipo.<\/p><\/div><\/div>\n        <\/section>\t\t\t\t<\/div>\n\t\t\t\t<\/div>\n\t\t<div class=\"elementor-element elementor-element-4e88475 e-con-full e-flex e-con e-child\" data-id=\"4e88475\" data-element_type=\"container\">\n\t\t<div class=\"elementor-element elementor-element-1361a58 aux-appear-watch-animation aux-fade-in-left e-con-full e-flex e-con e-child\" data-id=\"1361a58\" data-element_type=\"container\">\n\t\t\t\t<div class=\"elementor-element elementor-element-bb28f5c elementor-widget elementor-widget-aux_simple_svg\" data-id=\"bb28f5c\" data-element_type=\"widget\" data-widget_type=\"aux_simple_svg.default\">\n\t\t\t\t<div class=\"elementor-widget-container\">\n\t\t\t\t\t    <div class=\"aux-widget-container aux-simple-svg-container\">\n        <div class=\"aux-widget-container-inner\">\n            <div class=\"aux-the-svg\"><img decoding=\"async\" src=\"https:\/\/generadoresosorno.cl\/wp-content\/uploads\/2018\/12\/search-optimize.svg\" title=\"demo-attachment-216-search-optimize\" alt=\"demo-attachment-216-search-optimize\" loading=\"lazy\" \/><\/div>\n        <\/div>\n    <\/div>\n    \t\t\t\t<\/div>\n\t\t\t\t<\/div>\n\t\t\t\t<div class=\"elementor-element elementor-element-b922122 elementor-widget elementor-widget-aux_modern_heading\" data-id=\"b922122\" data-element_type=\"widget\" data-widget_type=\"aux_modern_heading.default\">\n\t\t\t\t<div class=\"elementor-widget-container\">\n\t\t\t\t\t<section class=\"aux-widget-modern-heading\">\n            <div class=\"aux-widget-inner\"><h2 class=\"aux-modern-heading-primary\"><b>LLEGAMOS<\/b> Donde est\u00e9s<\/h2><\/div>\n        <\/section>\t\t\t\t<\/div>\n\t\t\t\t<\/div>\n\t\t\t\t<\/div>\n\t\t<div class=\"elementor-element elementor-element-083cfa1 aux-appear-watch-animation aux-fade-in-left e-con-full e-flex e-con e-child\" data-id=\"083cfa1\" data-element_type=\"container\">\n\t\t\t\t<div class=\"elementor-element elementor-element-6bfc0bb elementor-widget elementor-widget-aux_simple_svg\" data-id=\"6bfc0bb\" data-element_type=\"widget\" data-widget_type=\"aux_simple_svg.default\">\n\t\t\t\t<div class=\"elementor-widget-container\">\n\t\t\t\t\t    <div class=\"aux-widget-container aux-simple-svg-container\">\n        <div class=\"aux-widget-container-inner\">\n            <div class=\"aux-the-svg\"><img decoding=\"async\" src=\"https:\/\/generadoresosorno.cl\/wp-content\/uploads\/2018\/12\/web-project.svg\" title=\"demo-attachment-215-web-project\" alt=\"demo-attachment-215-web-project\" loading=\"lazy\" \/><\/div>\n        <\/div>\n    <\/div>\n    \t\t\t\t<\/div>\n\t\t\t\t<\/div>\n\t\t\t\t<div class=\"elementor-element elementor-element-7cde703 elementor-widget elementor-widget-aux_modern_heading\" data-id=\"7cde703\" data-element_type=\"widget\" data-widget_type=\"aux_modern_heading.default\">\n\t\t\t\t<div class=\"elementor-widget-container\">\n\t\t\t\t\t<section class=\"aux-widget-modern-heading\">\n            <div class=\"aux-widget-inner\"><h2 class=\"aux-modern-heading-primary\"><b>ATENCION<\/b> Dedicada<\/h2><\/div>\n        <\/section>\t\t\t\t<\/div>\n\t\t\t\t<\/div>\n\t\t\t\t<\/div>\n\t\t<div class=\"elementor-element elementor-element-1d5af41 aux-appear-watch-animation aux-fade-in-left e-con-full e-flex e-con e-child\" data-id=\"1d5af41\" data-element_type=\"container\">\n\t\t\t\t<div class=\"elementor-element elementor-element-953965e elementor-widget elementor-widget-aux_simple_svg\" data-id=\"953965e\" data-element_type=\"widget\" data-widget_type=\"aux_simple_svg.default\">\n\t\t\t\t<div class=\"elementor-widget-container\">\n\t\t\t\t\t    <div class=\"aux-widget-container aux-simple-svg-container\">\n        <div class=\"aux-widget-container-inner\">\n            <div class=\"aux-the-svg\"><img decoding=\"async\" src=\"https:\/\/generadoresosorno.cl\/wp-content\/uploads\/2018\/12\/support.svg\" title=\"demo-attachment-89-support\" alt=\"demo-attachment-89-support\" loading=\"lazy\" \/><\/div>\n        <\/div>\n    <\/div>\n    \t\t\t\t<\/div>\n\t\t\t\t<\/div>\n\t\t\t\t<div class=\"elementor-element elementor-element-8c7d560 elementor-widget elementor-widget-aux_modern_heading\" data-id=\"8c7d560\" data-element_type=\"widget\" data-widget_type=\"aux_modern_heading.default\">\n\t\t\t\t<div class=\"elementor-widget-container\">\n\t\t\t\t\t<section class=\"aux-widget-modern-heading\">\n            <div class=\"aux-widget-inner\"><h2 class=\"aux-modern-heading-primary\"><b>SOPORTE <\/b>24\/7<\/h2><\/div>\n        <\/section>\t\t\t\t<\/div>\n\t\t\t\t<\/div>\n\t\t\t\t<\/div>\n\t\t\t\t<\/div>\n\t\t\t\t<\/div>\n\t\t<div class=\"elementor-element elementor-element-81f0e55 e-con-full e-flex e-con e-child\" data-id=\"81f0e55\" data-element_type=\"container\">\n\t\t\t\t<div class=\"elementor-element elementor-element-c324a94 elementor-widget elementor-widget-image\" data-id=\"c324a94\" data-element_type=\"widget\" data-widget_type=\"image.default\">\n\t\t\t\t<div class=\"elementor-widget-container\">\n\t\t\t\t\t\t\t\t\t\t\t\t\t\t\t<img fetchpriority=\"high\" decoding=\"async\" width=\"1024\" height=\"1024\" src=\"https:\/\/generadoresosorno.cl\/wp-content\/uploads\/2025\/03\/Captura-de-pantalla-2025-03-07-a-las-12.33.25\u202fa.-m-1024x1024.png\" class=\"attachment-large size-large wp-image-204\" alt=\"\" srcset=\"https:\/\/generadoresosorno.cl\/wp-content\/uploads\/2025\/03\/Captura-de-pantalla-2025-03-07-a-las-12.33.25\u202fa.-m-1024x1024.png 1024w, https:\/\/generadoresosorno.cl\/wp-content\/uploads\/2025\/03\/Captura-de-pantalla-2025-03-07-a-las-12.33.25\u202fa.-m-300x300.png 300w, https:\/\/generadoresosorno.cl\/wp-content\/uploads\/2025\/03\/Captura-de-pantalla-2025-03-07-a-las-12.33.25\u202fa.-m-150x150.png 150w, https:\/\/generadoresosorno.cl\/wp-content\/uploads\/2025\/03\/Captura-de-pantalla-2025-03-07-a-las-12.33.25\u202fa.-m-768x768.png 768w\" sizes=\"(max-width: 1024px) 100vw, 1024px\" \/>\t\t\t\t\t\t\t\t\t\t\t\t\t\t\t<\/div>\n\t\t\t\t<\/div>\n\t\t\t\t<\/div>\n\t\t\t\t\t<\/div>\n\t\t\t\t<\/div>\n\t\t\t\t<\/div>\n\t\t","protected":false},"excerpt":{"rendered":"<p>Impulsamos la energ\u00eda de tu proyecto Equipos generadores ideales para momentos de alta demanda, obras, procesamiento, sector agr\u00edcola y miner\u00eda. Energ\u00eda segura y eficiente al costo m\u00e1s competitivo. EQUIPOS COTIZACIONES Escr\u00edbenos y pide tu presupuesto seg\u00fan los requerimientos de tu proyecto. Escr\u00edbenos DOCUMENTACIONES Env\u00eda los documentos requeridos para finalizar el alquiler del equipo que necesitas. [&hellip;]<\/p>\n","protected":false},"author":1,"featured_media":0,"parent":0,"menu_order":0,"comment_status":"closed","ping_status":"closed","template":"templates\/page-builder-content.php","meta":{"footnotes":""},"class_list":["post-93","page","type-page","status-publish","hentry"],"_links":{"self":[{"href":"https:\/\/generadoresosorno.cl\/index.php\/wp-json\/wp\/v2\/pages\/93","targetHints":{"allow":["GET"]}}],"collection":[{"href":"https:\/\/generadoresosorno.cl\/index.php\/wp-json\/wp\/v2\/pages"}],"about":[{"href":"https:\/\/generadoresosorno.cl\/index.php\/wp-json\/wp\/v2\/types\/page"}],"author":[{"embeddable":true,"href":"https:\/\/generadoresosorno.cl\/index.php\/wp-json\/wp\/v2\/users\/1"}],"replies":[{"embeddable":true,"href":"https:\/\/generadoresosorno.cl\/index.php\/wp-json\/wp\/v2\/comments?post=93"}],"version-history":[{"count":150,"href":"https:\/\/generadoresosorno.cl\/index.php\/wp-json\/wp\/v2\/pages\/93\/revisions"}],"predecessor-version":[{"id":533,"href":"https:\/\/generadoresosorno.cl\/index.php\/wp-json\/wp\/v2\/pages\/93\/revisions\/533"}],"wp:attachment":[{"href":"https:\/\/generadoresosorno.cl\/index.php\/wp-json\/wp\/v2\/media?parent=93"}],"curies":[{"name":"wp","href":"https:\/\/api.w.org\/{rel}","templated":true}]}}