{"id":90,"date":"2018-12-04T05:59:50","date_gmt":"2018-12-04T05:59:50","guid":{"rendered":"https:\/\/generadoresosorno.cl\/index.php\/blog\/"},"modified":"2025-03-08T23:36:52","modified_gmt":"2025-03-08T23:36:52","slug":"blog","status":"publish","type":"page","link":"https:\/\/generadoresosorno.cl\/index.php\/blog\/","title":{"rendered":"Consejos"},"content":{"rendered":"\t\t<div data-elementor-type=\"wp-post\" data-elementor-id=\"90\" class=\"elementor elementor-90\">\n\t\t\t\t<div class=\"aux-parallax-section elementor-element elementor-element-35d20c5 e-grid e-con-full e-con e-parent\" data-id=\"35d20c5\" data-element_type=\"container\">\n\t\t<div class=\"elementor-element elementor-element-a0bfa8e e-grid e-con-full e-con e-child\" data-id=\"a0bfa8e\" data-element_type=\"container\">\n\t\t\t\t<div class=\"elementor-element elementor-element-75cc028 elementor-view-default elementor-widget elementor-widget-icon\" data-id=\"75cc028\" data-element_type=\"widget\" data-widget_type=\"icon.default\">\n\t\t\t\t<div class=\"elementor-widget-container\">\n\t\t\t\t\t\t\t<div class=\"elementor-icon-wrapper\">\n\t\t\t<div class=\"elementor-icon\">\n\t\t\t<i aria-hidden=\"true\" class=\"fas fa-tools\"><\/i>\t\t\t<\/div>\n\t\t<\/div>\n\t\t\t\t\t\t<\/div>\n\t\t\t\t<\/div>\n\t\t\t\t<div class=\"elementor-element elementor-element-e697db5 elementor-widget elementor-widget-heading\" data-id=\"e697db5\" data-element_type=\"widget\" data-widget_type=\"heading.default\">\n\t\t\t\t<div class=\"elementor-widget-container\">\n\t\t\t\t\t<h2 class=\"elementor-heading-title elementor-size-default\">\u00bfCada cu\u00e1nto tiempo debo hacer mantenimiento a un generador di\u00e9sel?<\/h2>\t\t\t\t<\/div>\n\t\t\t\t<\/div>\n\t\t\t\t<div class=\"elementor-element elementor-element-120b924 elementor-widget elementor-widget-text-editor\" data-id=\"120b924\" data-element_type=\"widget\" data-widget_type=\"text-editor.default\">\n\t\t\t\t<div class=\"elementor-widget-container\">\n\t\t\t\t\t\t\t\t\t<p><strong><em>\u2705 Se recomienda un mantenimiento preventivo cada 250 horas de uso o al menos cada 6 meses, dependiendo de la frecuencia de operaci\u00f3n.<\/em><\/strong><\/p>\t\t\t\t\t\t\t\t<\/div>\n\t\t\t\t<\/div>\n\t\t\t\t<\/div>\n\t\t<div class=\"elementor-element elementor-element-1ef4c83 e-grid e-con-full e-con e-child\" data-id=\"1ef4c83\" data-element_type=\"container\">\n\t\t\t\t<div class=\"elementor-element elementor-element-35f8e70 elementor-view-default elementor-widget elementor-widget-icon\" data-id=\"35f8e70\" data-element_type=\"widget\" data-widget_type=\"icon.default\">\n\t\t\t\t<div class=\"elementor-widget-container\">\n\t\t\t\t\t\t\t<div class=\"elementor-icon-wrapper\">\n\t\t\t<div class=\"elementor-icon\">\n\t\t\t<i aria-hidden=\"true\" class=\"fas fa-gas-pump\"><\/i>\t\t\t<\/div>\n\t\t<\/div>\n\t\t\t\t\t\t<\/div>\n\t\t\t\t<\/div>\n\t\t\t\t<div class=\"elementor-element elementor-element-c5f3cfd elementor-widget elementor-widget-heading\" data-id=\"c5f3cfd\" data-element_type=\"widget\" data-widget_type=\"heading.default\">\n\t\t\t\t<div class=\"elementor-widget-container\">\n\t\t\t\t\t<h2 class=\"elementor-heading-title elementor-size-default\">\u00bfPuedo usar cualquier tipo de di\u00e9sel en mi generador?<\/h2>\t\t\t\t<\/div>\n\t\t\t\t<\/div>\n\t\t\t\t<div class=\"elementor-element elementor-element-d7293e4 elementor-widget elementor-widget-text-editor\" data-id=\"d7293e4\" data-element_type=\"widget\" data-widget_type=\"text-editor.default\">\n\t\t\t\t<div class=\"elementor-widget-container\">\n\t\t\t\t\t\t\t\t\t<p><em><strong>\u2705 No, es importante utilizar di\u00e9sel limpio y de buena calidad para evitar da\u00f1os en el motor y el sistema de inyecci\u00f3n.<\/strong><\/em><\/p>\t\t\t\t\t\t\t\t<\/div>\n\t\t\t\t<\/div>\n\t\t\t\t<\/div>\n\t\t<div class=\"elementor-element elementor-element-fe37162 e-grid e-con-full e-con e-child\" data-id=\"fe37162\" data-element_type=\"container\">\n\t\t\t\t<div class=\"elementor-element elementor-element-ca06c19 elementor-view-default elementor-widget elementor-widget-icon\" data-id=\"ca06c19\" data-element_type=\"widget\" data-widget_type=\"icon.default\">\n\t\t\t\t<div class=\"elementor-widget-container\">\n\t\t\t\t\t\t\t<div class=\"elementor-icon-wrapper\">\n\t\t\t<div class=\"elementor-icon\">\n\t\t\t<i aria-hidden=\"true\" class=\"auxicon auxicon-stop-2\"><\/i>\t\t\t<\/div>\n\t\t<\/div>\n\t\t\t\t\t\t<\/div>\n\t\t\t\t<\/div>\n\t\t\t\t<div class=\"elementor-element elementor-element-6f6632b elementor-widget elementor-widget-heading\" data-id=\"6f6632b\" data-element_type=\"widget\" data-widget_type=\"heading.default\">\n\t\t\t\t<div class=\"elementor-widget-container\">\n\t\t\t\t\t<h2 class=\"elementor-heading-title elementor-size-default\">\u00bfD\u00f3nde debo instalar mi generador di\u00e9sel?<\/h2>\t\t\t\t<\/div>\n\t\t\t\t<\/div>\n\t\t\t\t<div class=\"elementor-element elementor-element-046a134 elementor-widget elementor-widget-text-editor\" data-id=\"046a134\" data-element_type=\"widget\" data-widget_type=\"text-editor.default\">\n\t\t\t\t<div class=\"elementor-widget-container\">\n\t\t\t\t\t\t\t\t\t<p><em><strong>\u2705 En un lugar ventilado, seco y protegido de la intemperie para evitar acumulaci\u00f3n de gases y garantizar su buen funcionamiento.<\/strong><\/em><\/p>\t\t\t\t\t\t\t\t<\/div>\n\t\t\t\t<\/div>\n\t\t\t\t<\/div>\n\t\t<div class=\"elementor-element elementor-element-1d0eded e-grid e-con-full e-con e-child\" data-id=\"1d0eded\" data-element_type=\"container\">\n\t\t\t\t<div class=\"elementor-element elementor-element-26224d4 elementor-view-default elementor-widget elementor-widget-icon\" data-id=\"26224d4\" data-element_type=\"widget\" data-widget_type=\"icon.default\">\n\t\t\t\t<div class=\"elementor-widget-container\">\n\t\t\t\t\t\t\t<div class=\"elementor-icon-wrapper\">\n\t\t\t<div class=\"elementor-icon\">\n\t\t\t<i aria-hidden=\"true\" class=\"fas fa-tools\"><\/i>\t\t\t<\/div>\n\t\t<\/div>\n\t\t\t\t\t\t<\/div>\n\t\t\t\t<\/div>\n\t\t\t\t<div class=\"elementor-element elementor-element-c32d19f elementor-widget elementor-widget-heading\" data-id=\"c32d19f\" data-element_type=\"widget\" data-widget_type=\"heading.default\">\n\t\t\t\t<div class=\"elementor-widget-container\">\n\t\t\t\t\t<h2 class=\"elementor-heading-title elementor-size-default\">\u00bfQu\u00e9 pasa si dejo el generador sin usar por mucho tiempo?<\/h2>\t\t\t\t<\/div>\n\t\t\t\t<\/div>\n\t\t\t\t<div class=\"elementor-element elementor-element-309f27a elementor-widget elementor-widget-text-editor\" data-id=\"309f27a\" data-element_type=\"widget\" data-widget_type=\"text-editor.default\">\n\t\t\t\t<div class=\"elementor-widget-container\">\n\t\t\t\t\t\t\t\t\t<p><em><strong>\u2705 Puede haber problemas con el arranque, degradaci\u00f3n del di\u00e9sel y obstrucci\u00f3n en los filtros. Se recomienda encenderlo al menos una vez al mes para mantenerlo en buen estado.<\/strong><\/em><\/p>\t\t\t\t\t\t\t\t<\/div>\n\t\t\t\t<\/div>\n\t\t\t\t<\/div>\n\t\t<div class=\"elementor-element elementor-element-01314aa e-grid e-con-full e-con e-child\" data-id=\"01314aa\" data-element_type=\"container\">\n\t\t\t\t<div class=\"elementor-element elementor-element-0a7ba9f elementor-view-default elementor-widget elementor-widget-icon\" data-id=\"0a7ba9f\" data-element_type=\"widget\" data-widget_type=\"icon.default\">\n\t\t\t\t<div class=\"elementor-widget-container\">\n\t\t\t\t\t\t\t<div class=\"elementor-icon-wrapper\">\n\t\t\t<div class=\"elementor-icon\">\n\t\t\t<i aria-hidden=\"true\" class=\"fas fa-gas-pump\"><\/i>\t\t\t<\/div>\n\t\t<\/div>\n\t\t\t\t\t\t<\/div>\n\t\t\t\t<\/div>\n\t\t\t\t<div class=\"elementor-element elementor-element-74e540f elementor-widget elementor-widget-heading\" data-id=\"74e540f\" data-element_type=\"widget\" data-widget_type=\"heading.default\">\n\t\t\t\t<div class=\"elementor-widget-container\">\n\t\t\t\t\t<h2 class=\"elementor-heading-title elementor-size-default\">\u00bfC\u00f3mo puedo mejorar la eficiencia de mi generador?<\/h2>\t\t\t\t<\/div>\n\t\t\t\t<\/div>\n\t\t\t\t<div class=\"elementor-element elementor-element-aad187a elementor-widget elementor-widget-text-editor\" data-id=\"aad187a\" data-element_type=\"widget\" data-widget_type=\"text-editor.default\">\n\t\t\t\t<div class=\"elementor-widget-container\">\n\t\t\t\t\t\t\t\t\t<p><em><strong>\u2705 Manteni\u00e9ndolo con una carga \u00f3ptima del 70-80%, haciendo mantenimiento regular y usando combustible adecuado.<\/strong><\/em><\/p>\t\t\t\t\t\t\t\t<\/div>\n\t\t\t\t<\/div>\n\t\t\t\t<\/div>\n\t\t<div class=\"elementor-element elementor-element-ab35ddf e-grid e-con-full e-con e-child\" data-id=\"ab35ddf\" data-element_type=\"container\">\n\t\t\t\t<div class=\"elementor-element elementor-element-23e4fca elementor-view-default elementor-widget elementor-widget-icon\" data-id=\"23e4fca\" data-element_type=\"widget\" data-widget_type=\"icon.default\">\n\t\t\t\t<div class=\"elementor-widget-container\">\n\t\t\t\t\t\t\t<div class=\"elementor-icon-wrapper\">\n\t\t\t<div class=\"elementor-icon\">\n\t\t\t<i aria-hidden=\"true\" class=\"auxicon auxicon-stop-2\"><\/i>\t\t\t<\/div>\n\t\t<\/div>\n\t\t\t\t\t\t<\/div>\n\t\t\t\t<\/div>\n\t\t\t\t<div class=\"elementor-element elementor-element-edfe2cc elementor-widget elementor-widget-heading\" data-id=\"edfe2cc\" data-element_type=\"widget\" data-widget_type=\"heading.default\">\n\t\t\t\t<div class=\"elementor-widget-container\">\n\t\t\t\t\t<h2 class=\"elementor-heading-title elementor-size-default\">\u00bfQu\u00e9 debo hacer si el generador no arranca?<\/h2>\t\t\t\t<\/div>\n\t\t\t\t<\/div>\n\t\t\t\t<div class=\"elementor-element elementor-element-6179715 elementor-widget elementor-widget-text-editor\" data-id=\"6179715\" data-element_type=\"widget\" data-widget_type=\"text-editor.default\">\n\t\t\t\t<div class=\"elementor-widget-container\">\n\t\t\t\t\t\t\t\t\t<p><em><strong>\u2705 Revisa el nivel de combustible, la bater\u00eda, los filtros y las conexiones el\u00e9ctricas. Si el problema persiste, contacta a un t\u00e9cnico especializado.<\/strong><\/em><\/p>\t\t\t\t\t\t\t\t<\/div>\n\t\t\t\t<\/div>\n\t\t\t\t<\/div>\n\t\t\t\t<\/div>\n\t\t\t\t<\/div>\n\t\t","protected":false},"excerpt":{"rendered":"<p>\u00bfCada cu\u00e1nto tiempo debo hacer mantenimiento a un generador di\u00e9sel? \u2705 Se recomienda un mantenimiento preventivo cada 250 horas de uso o al menos cada 6 meses, dependiendo de la frecuencia de operaci\u00f3n. \u00bfPuedo usar cualquier tipo de di\u00e9sel en mi generador? \u2705 No, es importante utilizar di\u00e9sel limpio y de buena calidad para evitar [&hellip;]<\/p>\n","protected":false},"author":1,"featured_media":0,"parent":0,"menu_order":0,"comment_status":"closed","ping_status":"closed","template":"templates\/page-builder-content.php","meta":{"footnotes":""},"class_list":["post-90","page","type-page","status-publish","hentry"],"_links":{"self":[{"href":"https:\/\/generadoresosorno.cl\/index.php\/wp-json\/wp\/v2\/pages\/90","targetHints":{"allow":["GET"]}}],"collection":[{"href":"https:\/\/generadoresosorno.cl\/index.php\/wp-json\/wp\/v2\/pages"}],"about":[{"href":"https:\/\/generadoresosorno.cl\/index.php\/wp-json\/wp\/v2\/types\/page"}],"author":[{"embeddable":true,"href":"https:\/\/generadoresosorno.cl\/index.php\/wp-json\/wp\/v2\/users\/1"}],"replies":[{"embeddable":true,"href":"https:\/\/generadoresosorno.cl\/index.php\/wp-json\/wp\/v2\/comments?post=90"}],"version-history":[{"count":43,"href":"https:\/\/generadoresosorno.cl\/index.php\/wp-json\/wp\/v2\/pages\/90\/revisions"}],"predecessor-version":[{"id":399,"href":"https:\/\/generadoresosorno.cl\/index.php\/wp-json\/wp\/v2\/pages\/90\/revisions\/399"}],"wp:attachment":[{"href":"https:\/\/generadoresosorno.cl\/index.php\/wp-json\/wp\/v2\/media?parent=90"}],"curies":[{"name":"wp","href":"https:\/\/api.w.org\/{rel}","templated":true}]}}